{"id":8,"date":"2017-08-24T20:46:09","date_gmt":"2017-08-24T20:46:09","guid":{"rendered":"http:\/\/uep193sanroque.com.ar\/nuevodise%C3%B1o\/?page_id=8"},"modified":"2018-03-28T19:11:10","modified_gmt":"2018-03-28T22:11:10","slug":"acerca-de","status":"publish","type":"page","link":"https:\/\/uep193sanroque.com.ar\/nuevodiseno\/acerca-de\/","title":{"rendered":"Acerca de"},"content":{"rendered":"\t\t<div data-elementor-type=\"wp-post\" data-elementor-id=\"8\" class=\"elementor elementor-8 elementor-bc-flex-widget\">\n\t\t\t\t\t\t<div class=\"elementor-inner\">\n\t\t\t\t<div class=\"elementor-section-wrap\">\n\t\t\t\t\t\t\t\t\t<section class=\"elementor-section elementor-top-section elementor-element elementor-element-d47162f elementor-section-boxed elementor-section-height-default elementor-section-height-default\" data-id=\"d47162f\" data-element_type=\"section\">\n\t\t\t\t\t\t<div class=\"elementor-container elementor-column-gap-default\">\n\t\t\t\t\t\t\t<div class=\"elementor-row\">\n\t\t\t\t\t<div class=\"elementor-column elementor-col-100 elementor-top-column elementor-element elementor-element-37848831\" data-id=\"37848831\" data-element_type=\"column\">\n\t\t\t<div class=\"elementor-column-wrap elementor-element-populated\">\n\t\t\t\t\t\t\t<div class=\"elementor-widget-wrap\">\n\t\t\t\t\t\t<div class=\"elementor-element elementor-element-695c5cba elementor-widget elementor-widget-text-editor\" data-id=\"695c5cba\" data-element_type=\"widget\" data-widget_type=\"text-editor.default\">\n\t\t\t\t<div class=\"elementor-widget-container\">\n\t\t\t\t\t\t\t\t<div class=\"elementor-text-editor elementor-clearfix\">\n\t\t\t\t<p><span style=\"font-size: 13px;\">El Instituto de Estudios Superiores \u00a0de la UEP N\u00ba 193 \u201cSan Roque\u201d\u00a0 es un Centro de Estudios de Nivel Superior perteneciente a la Di\u00f3cesis, creado bajo el Ideario: \u201cImpartir una educaci\u00f3nintegral fundamentada en los Principios de la Fe Cat\u00f3lica seg\u00fan el\u00a0Magisterio de la Iglesia\u201d.<\/span><\/p><p>Responde a las necesidades actuales y tiene como objetivo brindar una formaci\u00f3n centrada en la persona, que desarrolle\u00a0 sus potencialidades y use el conocimiento como herramienta de transformaci\u00f3n, que le permitir\u00e1 acrecentar\u00a0 sus competencias en la vida personal, social y profesional, \u00a0fomentando la identidad, la pertenencia, la libertad para afianzar en los j\u00f3venes lasolidaridad y el compromiso de ser promotores de justicia y defensores de la dignidad humana.<\/p><p>Con actores comprometidos con la propuesta pedag\u00f3gica y de gesti\u00f3n, queremos que nuestro compromiso se traduzca en acciones concretas, ejerciendo autonom\u00eda responsable, basada en los valores que sustentan el mandato fundacional, desde una visi\u00f3n cristiana del hombre.<\/p><p>Esta comunidad educativa promueve un ambiente c\u00e1lido, agradable, responsable, inclusivo, que desarrolla\u00a0 la conciencia democr\u00e1tica, el sentido cr\u00edtico, la creatividad,\u00a0 el uso adecuado de la tecnolog\u00eda, dentro de una realidad cambiante y globalizada.<\/p>\t\t\t\t\t<\/div>\n\t\t\t\t\t\t<\/div>\n\t\t\t\t<\/div>\n\t\t\t\t\t\t<\/div>\n\t\t\t\t\t<\/div>\n\t\t<\/div>\n\t\t\t\t\t\t\t\t<\/div>\n\t\t\t\t\t<\/div>\n\t\t<\/section>\n\t\t\t\t<section class=\"elementor-section elementor-top-section elementor-element elementor-element-ff8a51a elementor-section-boxed elementor-section-height-default elementor-section-height-default\" data-id=\"ff8a51a\" data-element_type=\"section\">\n\t\t\t\t\t\t<div class=\"elementor-container elementor-column-gap-default\">\n\t\t\t\t\t\t\t<div class=\"elementor-row\">\n\t\t\t\t\t<div class=\"elementor-column elementor-col-100 elementor-top-column elementor-element elementor-element-02359e0\" data-id=\"02359e0\" data-element_type=\"column\">\n\t\t\t<div class=\"elementor-column-wrap elementor-element-populated\">\n\t\t\t\t\t\t\t<div class=\"elementor-widget-wrap\">\n\t\t\t\t\t\t<div class=\"elementor-element elementor-element-85fd87b elementor-arrows-position-inside elementor-pagination-position-outside elementor-widget elementor-widget-image-carousel\" data-id=\"85fd87b\" data-element_type=\"widget\" data-settings=\"{&quot;slides_to_show&quot;:&quot;3&quot;,&quot;image_spacing_custom&quot;:{&quot;unit&quot;:&quot;px&quot;,&quot;size&quot;:2,&quot;sizes&quot;:[]},&quot;navigation&quot;:&quot;both&quot;,&quot;autoplay&quot;:&quot;yes&quot;,&quot;pause_on_hover&quot;:&quot;yes&quot;,&quot;pause_on_interaction&quot;:&quot;yes&quot;,&quot;autoplay_speed&quot;:5000,&quot;infinite&quot;:&quot;yes&quot;,&quot;speed&quot;:500}\" data-widget_type=\"image-carousel.default\">\n\t\t\t\t<div class=\"elementor-widget-container\">\n\t\t\t\t\t<div class=\"elementor-image-carousel-wrapper swiper-container\" dir=\"ltr\">\n\t\t\t<div class=\"elementor-image-carousel swiper-wrapper\">\n\t\t\t\t\t\t\t\t<div class=\"swiper-slide\"><figure class=\"swiper-slide-inner\"><img decoding=\"async\" class=\"swiper-slide-image\" src=\"https:\/\/uep193sanroque.com.ar\/nuevodiseno\/wp-content\/uploads\/2018\/03\/IMG_5155-1024x768.jpg\" alt=\"IMG_5155\" \/><\/figure><\/div><div class=\"swiper-slide\"><figure class=\"swiper-slide-inner\"><img decoding=\"async\" class=\"swiper-slide-image\" src=\"https:\/\/uep193sanroque.com.ar\/nuevodiseno\/wp-content\/uploads\/2018\/03\/IMG_0388-1024x768.jpg\" alt=\"IMG_0388\" \/><\/figure><\/div><div class=\"swiper-slide\"><figure class=\"swiper-slide-inner\"><img decoding=\"async\" class=\"swiper-slide-image\" src=\"https:\/\/uep193sanroque.com.ar\/nuevodiseno\/wp-content\/uploads\/2018\/03\/IMG_6519-1024x768.jpg\" alt=\"IMG_6519\" \/><\/figure><\/div><div class=\"swiper-slide\"><figure class=\"swiper-slide-inner\"><img decoding=\"async\" class=\"swiper-slide-image\" src=\"https:\/\/uep193sanroque.com.ar\/nuevodiseno\/wp-content\/uploads\/2018\/03\/IMG_6508-1024x768.jpg\" alt=\"IMG_6508\" \/><\/figure><\/div><div class=\"swiper-slide\"><figure class=\"swiper-slide-inner\"><img decoding=\"async\" class=\"swiper-slide-image\" src=\"https:\/\/uep193sanroque.com.ar\/nuevodiseno\/wp-content\/uploads\/2018\/03\/IMG_3211-e1522274712717-768x1024.jpg\" alt=\"IMG_3211\" \/><\/figure><\/div><div class=\"swiper-slide\"><figure class=\"swiper-slide-inner\"><img decoding=\"async\" class=\"swiper-slide-image\" src=\"https:\/\/uep193sanroque.com.ar\/nuevodiseno\/wp-content\/uploads\/2018\/03\/IMG_3901-e1522274694305-768x1024.jpg\" alt=\"IMG_3901\" \/><\/figure><\/div><div class=\"swiper-slide\"><figure class=\"swiper-slide-inner\"><img decoding=\"async\" class=\"swiper-slide-image\" src=\"https:\/\/uep193sanroque.com.ar\/nuevodiseno\/wp-content\/uploads\/2018\/03\/IMG_7383-e1522274670189-768x1024.jpg\" alt=\"IMG_7383\" \/><\/figure><\/div><div class=\"swiper-slide\"><figure class=\"swiper-slide-inner\"><img decoding=\"async\" class=\"swiper-slide-image\" src=\"https:\/\/uep193sanroque.com.ar\/nuevodiseno\/wp-content\/uploads\/2018\/03\/IMG_1803-1024x768.jpg\" alt=\"IMG_1803\" \/><\/figure><\/div><div class=\"swiper-slide\"><figure class=\"swiper-slide-inner\"><img decoding=\"async\" class=\"swiper-slide-image\" src=\"https:\/\/uep193sanroque.com.ar\/nuevodiseno\/wp-content\/uploads\/2018\/03\/IMG_4527-1024x768.jpg\" alt=\"IMG_4527\" \/><\/figure><\/div><div class=\"swiper-slide\"><figure class=\"swiper-slide-inner\"><img decoding=\"async\" class=\"swiper-slide-image\" src=\"https:\/\/uep193sanroque.com.ar\/nuevodiseno\/wp-content\/uploads\/2018\/03\/IMG_1439-1024x768.jpg\" alt=\"IMG_1439\" \/><\/figure><\/div>\t\t\t<\/div>\n\t\t\t\t\t\t\t\t\t\t\t\t<div class=\"swiper-pagination\"><\/div>\n\t\t\t\t\t\t\t\t\t\t\t\t\t<div class=\"elementor-swiper-button elementor-swiper-button-prev\">\n\t\t\t\t\t\t<i aria-hidden=\"true\" class=\"eicon-chevron-left\"><\/i>\t\t\t\t\t\t<span class=\"elementor-screen-only\">Anterior<\/span>\n\t\t\t\t\t<\/div>\n\t\t\t\t\t<div class=\"elementor-swiper-button elementor-swiper-button-next\">\n\t\t\t\t\t\t<i aria-hidden=\"true\" class=\"eicon-chevron-right\"><\/i>\t\t\t\t\t\t<span class=\"elementor-screen-only\">Siguiente<\/span>\n\t\t\t\t\t<\/div>\n\t\t\t\t\t\t\t\t\t<\/div>\n\t\t\t\t<\/div>\n\t\t\t\t<\/div>\n\t\t\t\t\t\t<\/div>\n\t\t\t\t\t<\/div>\n\t\t<\/div>\n\t\t\t\t\t\t\t\t<\/div>\n\t\t\t\t\t<\/div>\n\t\t<\/section>\n\t\t\t\t\t\t\t\t\t<\/div>\n\t\t\t<\/div>\n\t\t\t\t\t<\/div>\n\t\t","protected":false},"excerpt":{"rendered":"<p>El Instituto de Estudios Superiores \u00a0de la UEP N\u00ba 193 \u201cSan Roque\u201d\u00a0 es un Centro de Estudios de Nivel Superior perteneciente a la Di\u00f3cesis, creado bajo el Ideario: \u201cImpartir una educaci\u00f3nintegral fundamentada en los Principios de la Fe Cat\u00f3lica seg\u00fan el\u00a0Magisterio de la Iglesia\u201d. Responde a las necesidades actuales y tiene como objetivo brindar una [&hellip;]<\/p>\n","protected":false},"author":1,"featured_media":0,"parent":0,"menu_order":0,"comment_status":"closed","ping_status":"closed","template":"","meta":{"footnotes":""},"class_list":["post-8","page","type-page","status-publish","hentry"],"yoast_head":"<!-- This site is optimized with the Yoast SEO plugin v24.9 - https:\/\/yoast.com\/wordpress\/plugins\/seo\/ -->\n<title>Acerca de &#8211;<\/title>\n<meta name=\"robots\" content=\"index, follow, max-snippet:-1, max-image-preview:large, max-video-preview:-1\" \/>\n<link rel=\"canonical\" href=\"https:\/\/uep193sanroque.com.ar\/nuevodiseno\/acerca-de\/\" \/>\n<meta property=\"og:locale\" content=\"es_ES\" \/>\n<meta property=\"og:type\" content=\"article\" \/>\n<meta property=\"og:title\" content=\"Acerca de &#8211;\" \/>\n<meta property=\"og:description\" content=\"El Instituto de Estudios Superiores \u00a0de la UEP N\u00ba 193 \u201cSan Roque\u201d\u00a0 es un Centro de Estudios de Nivel Superior perteneciente a la Di\u00f3cesis, creado bajo el Ideario: \u201cImpartir una educaci\u00f3nintegral fundamentada en los Principios de la Fe Cat\u00f3lica seg\u00fan el\u00a0Magisterio de la Iglesia\u201d. Responde a las necesidades actuales y tiene como objetivo brindar una [&hellip;]\" \/>\n<meta property=\"og:url\" content=\"https:\/\/uep193sanroque.com.ar\/nuevodiseno\/acerca-de\/\" \/>\n<meta property=\"article:publisher\" content=\"https:\/\/www.facebook.com\/ies193sanroque\/\" \/>\n<meta property=\"article:modified_time\" content=\"2018-03-28T22:11:10+00:00\" \/>\n<meta property=\"og:image\" content=\"http:\/\/uep193sanroque.com.ar\/nuevodise%C3%B1o\/wp-content\/uploads\/2018\/03\/IMG_5155-1024x768.jpg\" \/>\n<meta name=\"twitter:card\" content=\"summary_large_image\" \/>\n<meta name=\"twitter:label1\" content=\"Tiempo de lectura\" \/>\n\t<meta name=\"twitter:data1\" content=\"1 minuto\" \/>\n<script type=\"application\/ld+json\" class=\"yoast-schema-graph\">{\"@context\":\"https:\/\/schema.org\",\"@graph\":[{\"@type\":\"WebPage\",\"@id\":\"https:\/\/uep193sanroque.com.ar\/nuevodiseno\/acerca-de\/\",\"url\":\"https:\/\/uep193sanroque.com.ar\/nuevodiseno\/acerca-de\/\",\"name\":\"Acerca de &#8211;\",\"isPartOf\":{\"@id\":\"https:\/\/uep193sanroque.com.ar\/nuevodiseno\/#website\"},\"primaryImageOfPage\":{\"@id\":\"https:\/\/uep193sanroque.com.ar\/nuevodiseno\/acerca-de\/#primaryimage\"},\"image\":{\"@id\":\"https:\/\/uep193sanroque.com.ar\/nuevodiseno\/acerca-de\/#primaryimage\"},\"thumbnailUrl\":\"http:\/\/uep193sanroque.com.ar\/nuevodise%C3%B1o\/wp-content\/uploads\/2018\/03\/IMG_5155-1024x768.jpg\",\"datePublished\":\"2017-08-24T20:46:09+00:00\",\"dateModified\":\"2018-03-28T22:11:10+00:00\",\"breadcrumb\":{\"@id\":\"https:\/\/uep193sanroque.com.ar\/nuevodiseno\/acerca-de\/#breadcrumb\"},\"inLanguage\":\"es\",\"potentialAction\":[{\"@type\":\"ReadAction\",\"target\":[\"https:\/\/uep193sanroque.com.ar\/nuevodiseno\/acerca-de\/\"]}]},{\"@type\":\"ImageObject\",\"inLanguage\":\"es\",\"@id\":\"https:\/\/uep193sanroque.com.ar\/nuevodiseno\/acerca-de\/#primaryimage\",\"url\":\"http:\/\/uep193sanroque.com.ar\/nuevodise%C3%B1o\/wp-content\/uploads\/2018\/03\/IMG_5155-1024x768.jpg\",\"contentUrl\":\"http:\/\/uep193sanroque.com.ar\/nuevodise%C3%B1o\/wp-content\/uploads\/2018\/03\/IMG_5155-1024x768.jpg\"},{\"@type\":\"BreadcrumbList\",\"@id\":\"https:\/\/uep193sanroque.com.ar\/nuevodiseno\/acerca-de\/#breadcrumb\",\"itemListElement\":[{\"@type\":\"ListItem\",\"position\":1,\"name\":\"Portada\",\"item\":\"https:\/\/uep193sanroque.com.ar\/nuevodiseno\/\"},{\"@type\":\"ListItem\",\"position\":2,\"name\":\"Acerca de\"}]},{\"@type\":\"WebSite\",\"@id\":\"https:\/\/uep193sanroque.com.ar\/nuevodiseno\/#website\",\"url\":\"https:\/\/uep193sanroque.com.ar\/nuevodiseno\/\",\"name\":\"UEGP 193 San Roque\",\"description\":\"UEGP 193 San Roque\",\"potentialAction\":[{\"@type\":\"SearchAction\",\"target\":{\"@type\":\"EntryPoint\",\"urlTemplate\":\"https:\/\/uep193sanroque.com.ar\/nuevodiseno\/?s={search_term_string}\"},\"query-input\":{\"@type\":\"PropertyValueSpecification\",\"valueRequired\":true,\"valueName\":\"search_term_string\"}}],\"inLanguage\":\"es\"}]}<\/script>\n<!-- \/ Yoast SEO plugin. -->","yoast_head_json":{"title":"Acerca de &#8211;","robots":{"index":"index","follow":"follow","max-snippet":"max-snippet:-1","max-image-preview":"max-image-preview:large","max-video-preview":"max-video-preview:-1"},"canonical":"https:\/\/uep193sanroque.com.ar\/nuevodiseno\/acerca-de\/","og_locale":"es_ES","og_type":"article","og_title":"Acerca de &#8211;","og_description":"El Instituto de Estudios Superiores \u00a0de la UEP N\u00ba 193 \u201cSan Roque\u201d\u00a0 es un Centro de Estudios de Nivel Superior perteneciente a la Di\u00f3cesis, creado bajo el Ideario: \u201cImpartir una educaci\u00f3nintegral fundamentada en los Principios de la Fe Cat\u00f3lica seg\u00fan el\u00a0Magisterio de la Iglesia\u201d. Responde a las necesidades actuales y tiene como objetivo brindar una [&hellip;]","og_url":"https:\/\/uep193sanroque.com.ar\/nuevodiseno\/acerca-de\/","article_publisher":"https:\/\/www.facebook.com\/ies193sanroque\/","article_modified_time":"2018-03-28T22:11:10+00:00","og_image":[{"url":"http:\/\/uep193sanroque.com.ar\/nuevodise%C3%B1o\/wp-content\/uploads\/2018\/03\/IMG_5155-1024x768.jpg","type":"","width":"","height":""}],"twitter_card":"summary_large_image","twitter_misc":{"Tiempo de lectura":"1 minuto"},"schema":{"@context":"https:\/\/schema.org","@graph":[{"@type":"WebPage","@id":"https:\/\/uep193sanroque.com.ar\/nuevodiseno\/acerca-de\/","url":"https:\/\/uep193sanroque.com.ar\/nuevodiseno\/acerca-de\/","name":"Acerca de &#8211;","isPartOf":{"@id":"https:\/\/uep193sanroque.com.ar\/nuevodiseno\/#website"},"primaryImageOfPage":{"@id":"https:\/\/uep193sanroque.com.ar\/nuevodiseno\/acerca-de\/#primaryimage"},"image":{"@id":"https:\/\/uep193sanroque.com.ar\/nuevodiseno\/acerca-de\/#primaryimage"},"thumbnailUrl":"http:\/\/uep193sanroque.com.ar\/nuevodise%C3%B1o\/wp-content\/uploads\/2018\/03\/IMG_5155-1024x768.jpg","datePublished":"2017-08-24T20:46:09+00:00","dateModified":"2018-03-28T22:11:10+00:00","breadcrumb":{"@id":"https:\/\/uep193sanroque.com.ar\/nuevodiseno\/acerca-de\/#breadcrumb"},"inLanguage":"es","potentialAction":[{"@type":"ReadAction","target":["https:\/\/uep193sanroque.com.ar\/nuevodiseno\/acerca-de\/"]}]},{"@type":"ImageObject","inLanguage":"es","@id":"https:\/\/uep193sanroque.com.ar\/nuevodiseno\/acerca-de\/#primaryimage","url":"http:\/\/uep193sanroque.com.ar\/nuevodise%C3%B1o\/wp-content\/uploads\/2018\/03\/IMG_5155-1024x768.jpg","contentUrl":"http:\/\/uep193sanroque.com.ar\/nuevodise%C3%B1o\/wp-content\/uploads\/2018\/03\/IMG_5155-1024x768.jpg"},{"@type":"BreadcrumbList","@id":"https:\/\/uep193sanroque.com.ar\/nuevodiseno\/acerca-de\/#breadcrumb","itemListElement":[{"@type":"ListItem","position":1,"name":"Portada","item":"https:\/\/uep193sanroque.com.ar\/nuevodiseno\/"},{"@type":"ListItem","position":2,"name":"Acerca de"}]},{"@type":"WebSite","@id":"https:\/\/uep193sanroque.com.ar\/nuevodiseno\/#website","url":"https:\/\/uep193sanroque.com.ar\/nuevodiseno\/","name":"UEGP 193 San Roque","description":"UEGP 193 San Roque","potentialAction":[{"@type":"SearchAction","target":{"@type":"EntryPoint","urlTemplate":"https:\/\/uep193sanroque.com.ar\/nuevodiseno\/?s={search_term_string}"},"query-input":{"@type":"PropertyValueSpecification","valueRequired":true,"valueName":"search_term_string"}}],"inLanguage":"es"}]}},"jetpack_sharing_enabled":true,"jetpack_shortlink":"https:\/\/wp.me\/P9SPC4-8","_links":{"self":[{"href":"https:\/\/uep193sanroque.com.ar\/nuevodiseno\/wp-json\/wp\/v2\/pages\/8","targetHints":{"allow":["GET"]}}],"collection":[{"href":"https:\/\/uep193sanroque.com.ar\/nuevodiseno\/wp-json\/wp\/v2\/pages"}],"about":[{"href":"https:\/\/uep193sanroque.com.ar\/nuevodiseno\/wp-json\/wp\/v2\/types\/page"}],"author":[{"embeddable":true,"href":"https:\/\/uep193sanroque.com.ar\/nuevodiseno\/wp-json\/wp\/v2\/users\/1"}],"replies":[{"embeddable":true,"href":"https:\/\/uep193sanroque.com.ar\/nuevodiseno\/wp-json\/wp\/v2\/comments?post=8"}],"version-history":[{"count":10,"href":"https:\/\/uep193sanroque.com.ar\/nuevodiseno\/wp-json\/wp\/v2\/pages\/8\/revisions"}],"predecessor-version":[{"id":624,"href":"https:\/\/uep193sanroque.com.ar\/nuevodiseno\/wp-json\/wp\/v2\/pages\/8\/revisions\/624"}],"wp:attachment":[{"href":"https:\/\/uep193sanroque.com.ar\/nuevodiseno\/wp-json\/wp\/v2\/media?parent=8"}],"curies":[{"name":"wp","href":"https:\/\/api.w.org\/{rel}","templated":true}]}}