{"id":2105,"date":"2024-11-07T00:39:49","date_gmt":"2024-11-07T03:39:49","guid":{"rendered":"https:\/\/uep193sanroque.com.ar\/nuevodiseno\/?page_id=2105"},"modified":"2024-11-07T01:28:59","modified_gmt":"2024-11-07T04:28:59","slug":"lading","status":"publish","type":"page","link":"https:\/\/uep193sanroque.com.ar\/nuevodiseno\/","title":{"rendered":"INICIO"},"content":{"rendered":"\t\t<div data-elementor-type=\"wp-page\" data-elementor-id=\"2105\" class=\"elementor elementor-2105\">\n\t\t\t\t\t\t<div class=\"elementor-inner\">\n\t\t\t\t<div class=\"elementor-section-wrap\">\n\t\t\t\t\t\t\t\t\t<header class=\"elementor-section elementor-top-section elementor-element elementor-element-3c40c949 elementor-section-full_width elementor-section-height-min-height elementor-section-content-middle elementor-section-height-default elementor-section-items-middle\" data-id=\"3c40c949\" data-element_type=\"section\" id=\"top\">\n\t\t\t\t\t\t<div class=\"elementor-container elementor-column-gap-no\">\n\t\t\t\t\t\t\t<div class=\"elementor-row\">\n\t\t\t\t\t<div class=\"elementor-column elementor-col-50 elementor-top-column elementor-element elementor-element-1ebbbda2\" data-id=\"1ebbbda2\" data-element_type=\"column\">\n\t\t\t<div class=\"elementor-column-wrap elementor-element-populated\">\n\t\t\t\t\t\t\t<div class=\"elementor-widget-wrap\">\n\t\t\t\t\t\t<div class=\"elementor-element elementor-element-41ffaaf2 elementor-widget elementor-widget-image\" data-id=\"41ffaaf2\" data-element_type=\"widget\" data-widget_type=\"image.default\">\n\t\t\t\t<div class=\"elementor-widget-container\">\n\t\t\t\t\t\t\t\t<div class=\"elementor-image\">\n\t\t\t\t\t\t\t\t\t\t\t\t<img loading=\"lazy\" decoding=\"async\" width=\"794\" height=\"1024\" src=\"https:\/\/uep193sanroque.com.ar\/nuevodiseno\/wp-content\/uploads\/2017\/08\/cropped-cropped-logouep-e1503615290857-794x1024.png\" class=\"elementor-animation-sink attachment-large size-large\" alt=\"\" srcset=\"https:\/\/uep193sanroque.com.ar\/nuevodiseno\/wp-content\/uploads\/2017\/08\/cropped-cropped-logouep-e1503615290857-794x1024.png 794w, https:\/\/uep193sanroque.com.ar\/nuevodiseno\/wp-content\/uploads\/2017\/08\/cropped-cropped-logouep-e1503615290857-233x300.png 233w, https:\/\/uep193sanroque.com.ar\/nuevodiseno\/wp-content\/uploads\/2017\/08\/cropped-cropped-logouep-e1503615290857-768x991.png 768w, https:\/\/uep193sanroque.com.ar\/nuevodiseno\/wp-content\/uploads\/2017\/08\/cropped-cropped-logouep-e1503615290857.png 1600w\" sizes=\"auto, (max-width: 794px) 100vw, 794px\" \/>\t\t\t\t\t\t\t\t\t\t\t\t\t\t<\/div>\n\t\t\t\t\t\t<\/div>\n\t\t\t\t<\/div>\n\t\t\t\t\t\t<\/div>\n\t\t\t\t\t<\/div>\n\t\t<\/div>\n\t\t\t\t<div class=\"elementor-column elementor-col-50 elementor-top-column elementor-element elementor-element-34a19c2f\" data-id=\"34a19c2f\" data-element_type=\"column\">\n\t\t\t<div class=\"elementor-column-wrap elementor-element-populated\">\n\t\t\t\t\t\t\t<div class=\"elementor-widget-wrap\">\n\t\t\t\t\t\t<div class=\"elementor-element elementor-element-bd3520c elementor-button-info elementor-align-right elementor-widget elementor-widget-button\" data-id=\"bd3520c\" data-element_type=\"widget\" data-widget_type=\"button.default\">\n\t\t\t\t<div class=\"elementor-widget-container\">\n\t\t\t\t\t<div class=\"elementor-button-wrapper\">\n\t\t\t<a href=\"https:\/\/uep193sanroque.com.ar\/nuevodiseno\/contacto\/\" class=\"elementor-button-link elementor-button elementor-size-md\" role=\"button\">\n\t\t\t\t\t\t<span class=\"elementor-button-content-wrapper\">\n\t\t\t\t\t\t<span class=\"elementor-button-text\">Contacto<\/span>\n\t\t<\/span>\n\t\t\t\t\t<\/a>\n\t\t<\/div>\n\t\t\t\t<\/div>\n\t\t\t\t<\/div>\n\t\t\t\t\t\t<\/div>\n\t\t\t\t\t<\/div>\n\t\t<\/div>\n\t\t\t\t\t\t\t\t<\/div>\n\t\t\t\t\t<\/div>\n\t\t<\/header>\n\t\t\t\t<section class=\"elementor-section elementor-top-section elementor-element elementor-element-d99a7a8 elementor-section-boxed elementor-section-height-default elementor-section-height-default\" data-id=\"d99a7a8\" data-element_type=\"section\">\n\t\t\t\t\t\t<div class=\"elementor-container elementor-column-gap-no\">\n\t\t\t\t\t\t\t<div class=\"elementor-row\">\n\t\t\t\t\t<div class=\"elementor-column elementor-col-100 elementor-top-column elementor-element elementor-element-17562b7f\" data-id=\"17562b7f\" data-element_type=\"column\">\n\t\t\t<div class=\"elementor-column-wrap elementor-element-populated\">\n\t\t\t\t\t\t\t<div class=\"elementor-widget-wrap\">\n\t\t\t\t\t\t<div class=\"elementor-element elementor-element-40e78f3d elementor-invisible elementor-widget elementor-widget-heading\" data-id=\"40e78f3d\" data-element_type=\"widget\" data-settings=\"{&quot;_animation&quot;:&quot;fadeIn&quot;}\" data-widget_type=\"heading.default\">\n\t\t\t\t<div class=\"elementor-widget-container\">\n\t\t\t<h3 class=\"elementor-heading-title elementor-size-medium\"><strong style=\"letter-spacing: normal; text-align: start; text-transform: none; white-space: normal;\">\u00a1Ampl\u00eda tus horizontes! Inscr\u00edbete hoy mismo en la carrera de tus sue\u00f1os<\/strong><\/h3>\t\t<\/div>\n\t\t\t\t<\/div>\n\t\t\t\t\t\t<\/div>\n\t\t\t\t\t<\/div>\n\t\t<\/div>\n\t\t\t\t\t\t\t\t<\/div>\n\t\t\t\t\t<\/div>\n\t\t<\/section>\n\t\t\t\t<section class=\"elementor-section elementor-top-section elementor-element elementor-element-b1be9d2 elementor-section-stretched elementor-section-boxed elementor-section-height-default elementor-section-height-default\" data-id=\"b1be9d2\" data-element_type=\"section\" data-settings=\"{&quot;stretch_section&quot;:&quot;section-stretched&quot;}\">\n\t\t\t\t\t\t<div class=\"elementor-container elementor-column-gap-default\">\n\t\t\t\t\t\t\t<div class=\"elementor-row\">\n\t\t\t\t\t<div class=\"elementor-column elementor-col-100 elementor-top-column elementor-element elementor-element-13dae0b\" data-id=\"13dae0b\" data-element_type=\"column\" data-settings=\"{&quot;background_background&quot;:&quot;slideshow&quot;,&quot;background_slideshow_gallery&quot;:[],&quot;background_slideshow_loop&quot;:&quot;yes&quot;,&quot;background_slideshow_slide_duration&quot;:5000,&quot;background_slideshow_slide_transition&quot;:&quot;fade&quot;,&quot;background_slideshow_transition_duration&quot;:500}\">\n\t\t\t<div class=\"elementor-column-wrap elementor-element-populated\">\n\t\t\t\t\t\t\t<div class=\"elementor-widget-wrap\">\n\t\t\t\t\t\t<div class=\"elementor-element elementor-element-0179b24 elementor-arrows-position-inside elementor-pagination-position-outside elementor-widget elementor-widget-image-carousel\" data-id=\"0179b24\" data-element_type=\"widget\" data-settings=\"{&quot;slides_to_show&quot;:&quot;2&quot;,&quot;slides_to_scroll&quot;:&quot;2&quot;,&quot;navigation&quot;:&quot;both&quot;,&quot;autoplay&quot;:&quot;yes&quot;,&quot;pause_on_hover&quot;:&quot;yes&quot;,&quot;pause_on_interaction&quot;:&quot;yes&quot;,&quot;autoplay_speed&quot;:5000,&quot;infinite&quot;:&quot;yes&quot;,&quot;speed&quot;:500}\" data-widget_type=\"image-carousel.default\">\n\t\t\t\t<div class=\"elementor-widget-container\">\n\t\t\t\t\t<div class=\"elementor-image-carousel-wrapper swiper-container\" dir=\"ltr\">\n\t\t\t<div class=\"elementor-image-carousel swiper-wrapper\">\n\t\t\t\t\t\t\t\t<div class=\"swiper-slide\"><figure class=\"swiper-slide-inner\"><img decoding=\"async\" class=\"swiper-slide-image\" src=\"https:\/\/uep193sanroque.com.ar\/nuevodiseno\/wp-content\/uploads\/2024\/11\/rh-1-e1730951640349-768x1291.jpeg\" alt=\"rh 1\" \/><\/figure><\/div><div class=\"swiper-slide\"><figure class=\"swiper-slide-inner\"><img decoding=\"async\" class=\"swiper-slide-image\" src=\"https:\/\/uep193sanroque.com.ar\/nuevodiseno\/wp-content\/uploads\/2024\/11\/rh2-768x960.jpeg\" alt=\"rh2\" \/><\/figure><\/div><div class=\"swiper-slide\"><figure class=\"swiper-slide-inner\"><img decoding=\"async\" class=\"swiper-slide-image\" src=\"https:\/\/uep193sanroque.com.ar\/nuevodiseno\/wp-content\/uploads\/2024\/11\/nayf1-e1730951671709-768x1306.jpeg\" alt=\"nayf1\" \/><\/figure><\/div><div class=\"swiper-slide\"><figure class=\"swiper-slide-inner\"><img decoding=\"async\" class=\"swiper-slide-image\" src=\"https:\/\/uep193sanroque.com.ar\/nuevodiseno\/wp-content\/uploads\/2024\/11\/nayf2-768x960.jpeg\" alt=\"nayf2\" \/><\/figure><\/div><div class=\"swiper-slide\"><figure class=\"swiper-slide-inner\"><img decoding=\"async\" class=\"swiper-slide-image\" src=\"https:\/\/uep193sanroque.com.ar\/nuevodiseno\/wp-content\/uploads\/2024\/11\/cs1-e1730951697869-768x1297.jpeg\" alt=\"cs1\" \/><\/figure><\/div><div class=\"swiper-slide\"><figure class=\"swiper-slide-inner\"><img decoding=\"async\" class=\"swiper-slide-image\" src=\"https:\/\/uep193sanroque.com.ar\/nuevodiseno\/wp-content\/uploads\/2024\/11\/cs2-768x960.jpeg\" alt=\"cs2\" \/><\/figure><\/div><div class=\"swiper-slide\"><figure class=\"swiper-slide-inner\"><img decoding=\"async\" class=\"swiper-slide-image\" src=\"https:\/\/uep193sanroque.com.ar\/nuevodiseno\/wp-content\/uploads\/2024\/11\/ps1-e1730951721507-768x1297.jpeg\" alt=\"ps1\" \/><\/figure><\/div><div class=\"swiper-slide\"><figure class=\"swiper-slide-inner\"><img decoding=\"async\" class=\"swiper-slide-image\" src=\"https:\/\/uep193sanroque.com.ar\/nuevodiseno\/wp-content\/uploads\/2024\/11\/ps2-768x960.jpeg\" alt=\"ps2\" \/><\/figure><\/div>\t\t\t<\/div>\n\t\t\t\t\t\t\t\t\t\t\t\t<div class=\"swiper-pagination\"><\/div>\n\t\t\t\t\t\t\t\t\t\t\t\t\t<div class=\"elementor-swiper-button elementor-swiper-button-prev\">\n\t\t\t\t\t\t<i aria-hidden=\"true\" class=\"fas fa-arrow-alt-circle-left\"><\/i>\t\t\t\t\t\t<span class=\"elementor-screen-only\">Anterior<\/span>\n\t\t\t\t\t<\/div>\n\t\t\t\t\t<div class=\"elementor-swiper-button elementor-swiper-button-next\">\n\t\t\t\t\t\t<i aria-hidden=\"true\" class=\"fas fa-arrow-alt-circle-right\"><\/i>\t\t\t\t\t\t<span class=\"elementor-screen-only\">Siguiente<\/span>\n\t\t\t\t\t<\/div>\n\t\t\t\t\t\t\t\t\t<\/div>\n\t\t\t\t<\/div>\n\t\t\t\t<\/div>\n\t\t\t\t\t\t<\/div>\n\t\t\t\t\t<\/div>\n\t\t<\/div>\n\t\t\t\t\t\t\t\t<\/div>\n\t\t\t\t\t<\/div>\n\t\t<\/section>\n\t\t\t\t\t\t\t\t\t<\/div>\n\t\t\t<\/div>\n\t\t\t\t\t<\/div>\n\t\t","protected":false},"excerpt":{"rendered":"<p>Contacto \u00a1Ampl\u00eda tus horizontes! Inscr\u00edbete hoy mismo en la carrera de tus sue\u00f1os Anterior Siguiente<\/p>\n","protected":false},"author":1,"featured_media":0,"parent":0,"menu_order":0,"comment_status":"closed","ping_status":"closed","template":"elementor_canvas","meta":{"footnotes":""},"class_list":["post-2105","page","type-page","status-publish","hentry"],"yoast_head":"<!-- This site is optimized with the Yoast SEO plugin v24.9 - https:\/\/yoast.com\/wordpress\/plugins\/seo\/ -->\n<title>INICIO &#8211;<\/title>\n<meta name=\"robots\" content=\"index, follow, max-snippet:-1, max-image-preview:large, max-video-preview:-1\" \/>\n<link rel=\"canonical\" href=\"https:\/\/uep193sanroque.com.ar\/nuevodiseno\/\" \/>\n<meta property=\"og:locale\" content=\"es_ES\" \/>\n<meta property=\"og:type\" content=\"article\" \/>\n<meta property=\"og:title\" content=\"INICIO &#8211;\" \/>\n<meta property=\"og:description\" content=\"Contacto \u00a1Ampl\u00eda tus horizontes! Inscr\u00edbete hoy mismo en la carrera de tus sue\u00f1os Anterior Siguiente\" \/>\n<meta property=\"og:url\" content=\"https:\/\/uep193sanroque.com.ar\/nuevodiseno\/\" \/>\n<meta property=\"article:publisher\" content=\"https:\/\/www.facebook.com\/ies193sanroque\/\" \/>\n<meta property=\"article:modified_time\" content=\"2024-11-07T04:28:59+00:00\" \/>\n<meta property=\"og:image\" content=\"https:\/\/uep193sanroque.com.ar\/nuevodiseno\/wp-content\/uploads\/2017\/08\/cropped-cropped-logouep-e1503615290857-794x1024.png\" \/>\n<meta name=\"twitter:card\" content=\"summary_large_image\" \/>\n<meta name=\"twitter:label1\" content=\"Tiempo de lectura\" \/>\n\t<meta name=\"twitter:data1\" content=\"2 minutos\" \/>\n<script type=\"application\/ld+json\" class=\"yoast-schema-graph\">{\"@context\":\"https:\/\/schema.org\",\"@graph\":[{\"@type\":\"WebPage\",\"@id\":\"https:\/\/uep193sanroque.com.ar\/nuevodiseno\/\",\"url\":\"https:\/\/uep193sanroque.com.ar\/nuevodiseno\/\",\"name\":\"INICIO &#8211;\",\"isPartOf\":{\"@id\":\"https:\/\/uep193sanroque.com.ar\/nuevodiseno\/#website\"},\"primaryImageOfPage\":{\"@id\":\"https:\/\/uep193sanroque.com.ar\/nuevodiseno\/#primaryimage\"},\"image\":{\"@id\":\"https:\/\/uep193sanroque.com.ar\/nuevodiseno\/#primaryimage\"},\"thumbnailUrl\":\"https:\/\/uep193sanroque.com.ar\/nuevodiseno\/wp-content\/uploads\/2017\/08\/cropped-cropped-logouep-e1503615290857-794x1024.png\",\"datePublished\":\"2024-11-07T03:39:49+00:00\",\"dateModified\":\"2024-11-07T04:28:59+00:00\",\"breadcrumb\":{\"@id\":\"https:\/\/uep193sanroque.com.ar\/nuevodiseno\/#breadcrumb\"},\"inLanguage\":\"es\",\"potentialAction\":[{\"@type\":\"ReadAction\",\"target\":[\"https:\/\/uep193sanroque.com.ar\/nuevodiseno\/\"]}]},{\"@type\":\"ImageObject\",\"inLanguage\":\"es\",\"@id\":\"https:\/\/uep193sanroque.com.ar\/nuevodiseno\/#primaryimage\",\"url\":\"https:\/\/uep193sanroque.com.ar\/nuevodiseno\/wp-content\/uploads\/2017\/08\/cropped-cropped-logouep-e1503615290857.png\",\"contentUrl\":\"https:\/\/uep193sanroque.com.ar\/nuevodiseno\/wp-content\/uploads\/2017\/08\/cropped-cropped-logouep-e1503615290857.png\",\"width\":1600,\"height\":2064},{\"@type\":\"BreadcrumbList\",\"@id\":\"https:\/\/uep193sanroque.com.ar\/nuevodiseno\/#breadcrumb\",\"itemListElement\":[{\"@type\":\"ListItem\",\"position\":1,\"name\":\"Portada\",\"item\":\"https:\/\/uep193sanroque.com.ar\/nuevodiseno\/\"},{\"@type\":\"ListItem\",\"position\":2,\"name\":\"INICIO\"}]},{\"@type\":\"WebSite\",\"@id\":\"https:\/\/uep193sanroque.com.ar\/nuevodiseno\/#website\",\"url\":\"https:\/\/uep193sanroque.com.ar\/nuevodiseno\/\",\"name\":\"UEGP 193 San Roque\",\"description\":\"UEGP 193 San Roque\",\"potentialAction\":[{\"@type\":\"SearchAction\",\"target\":{\"@type\":\"EntryPoint\",\"urlTemplate\":\"https:\/\/uep193sanroque.com.ar\/nuevodiseno\/?s={search_term_string}\"},\"query-input\":{\"@type\":\"PropertyValueSpecification\",\"valueRequired\":true,\"valueName\":\"search_term_string\"}}],\"inLanguage\":\"es\"}]}<\/script>\n<!-- \/ Yoast SEO plugin. -->","yoast_head_json":{"title":"INICIO &#8211;","robots":{"index":"index","follow":"follow","max-snippet":"max-snippet:-1","max-image-preview":"max-image-preview:large","max-video-preview":"max-video-preview:-1"},"canonical":"https:\/\/uep193sanroque.com.ar\/nuevodiseno\/","og_locale":"es_ES","og_type":"article","og_title":"INICIO &#8211;","og_description":"Contacto \u00a1Ampl\u00eda tus horizontes! Inscr\u00edbete hoy mismo en la carrera de tus sue\u00f1os Anterior Siguiente","og_url":"https:\/\/uep193sanroque.com.ar\/nuevodiseno\/","article_publisher":"https:\/\/www.facebook.com\/ies193sanroque\/","article_modified_time":"2024-11-07T04:28:59+00:00","og_image":[{"url":"https:\/\/uep193sanroque.com.ar\/nuevodiseno\/wp-content\/uploads\/2017\/08\/cropped-cropped-logouep-e1503615290857-794x1024.png","type":"","width":"","height":""}],"twitter_card":"summary_large_image","twitter_misc":{"Tiempo de lectura":"2 minutos"},"schema":{"@context":"https:\/\/schema.org","@graph":[{"@type":"WebPage","@id":"https:\/\/uep193sanroque.com.ar\/nuevodiseno\/","url":"https:\/\/uep193sanroque.com.ar\/nuevodiseno\/","name":"INICIO &#8211;","isPartOf":{"@id":"https:\/\/uep193sanroque.com.ar\/nuevodiseno\/#website"},"primaryImageOfPage":{"@id":"https:\/\/uep193sanroque.com.ar\/nuevodiseno\/#primaryimage"},"image":{"@id":"https:\/\/uep193sanroque.com.ar\/nuevodiseno\/#primaryimage"},"thumbnailUrl":"https:\/\/uep193sanroque.com.ar\/nuevodiseno\/wp-content\/uploads\/2017\/08\/cropped-cropped-logouep-e1503615290857-794x1024.png","datePublished":"2024-11-07T03:39:49+00:00","dateModified":"2024-11-07T04:28:59+00:00","breadcrumb":{"@id":"https:\/\/uep193sanroque.com.ar\/nuevodiseno\/#breadcrumb"},"inLanguage":"es","potentialAction":[{"@type":"ReadAction","target":["https:\/\/uep193sanroque.com.ar\/nuevodiseno\/"]}]},{"@type":"ImageObject","inLanguage":"es","@id":"https:\/\/uep193sanroque.com.ar\/nuevodiseno\/#primaryimage","url":"https:\/\/uep193sanroque.com.ar\/nuevodiseno\/wp-content\/uploads\/2017\/08\/cropped-cropped-logouep-e1503615290857.png","contentUrl":"https:\/\/uep193sanroque.com.ar\/nuevodiseno\/wp-content\/uploads\/2017\/08\/cropped-cropped-logouep-e1503615290857.png","width":1600,"height":2064},{"@type":"BreadcrumbList","@id":"https:\/\/uep193sanroque.com.ar\/nuevodiseno\/#breadcrumb","itemListElement":[{"@type":"ListItem","position":1,"name":"Portada","item":"https:\/\/uep193sanroque.com.ar\/nuevodiseno\/"},{"@type":"ListItem","position":2,"name":"INICIO"}]},{"@type":"WebSite","@id":"https:\/\/uep193sanroque.com.ar\/nuevodiseno\/#website","url":"https:\/\/uep193sanroque.com.ar\/nuevodiseno\/","name":"UEGP 193 San Roque","description":"UEGP 193 San Roque","potentialAction":[{"@type":"SearchAction","target":{"@type":"EntryPoint","urlTemplate":"https:\/\/uep193sanroque.com.ar\/nuevodiseno\/?s={search_term_string}"},"query-input":{"@type":"PropertyValueSpecification","valueRequired":true,"valueName":"search_term_string"}}],"inLanguage":"es"}]}},"jetpack_sharing_enabled":true,"jetpack_shortlink":"https:\/\/wp.me\/P9SPC4-xX","_links":{"self":[{"href":"https:\/\/uep193sanroque.com.ar\/nuevodiseno\/wp-json\/wp\/v2\/pages\/2105","targetHints":{"allow":["GET"]}}],"collection":[{"href":"https:\/\/uep193sanroque.com.ar\/nuevodiseno\/wp-json\/wp\/v2\/pages"}],"about":[{"href":"https:\/\/uep193sanroque.com.ar\/nuevodiseno\/wp-json\/wp\/v2\/types\/page"}],"author":[{"embeddable":true,"href":"https:\/\/uep193sanroque.com.ar\/nuevodiseno\/wp-json\/wp\/v2\/users\/1"}],"replies":[{"embeddable":true,"href":"https:\/\/uep193sanroque.com.ar\/nuevodiseno\/wp-json\/wp\/v2\/comments?post=2105"}],"version-history":[{"count":38,"href":"https:\/\/uep193sanroque.com.ar\/nuevodiseno\/wp-json\/wp\/v2\/pages\/2105\/revisions"}],"predecessor-version":[{"id":2199,"href":"https:\/\/uep193sanroque.com.ar\/nuevodiseno\/wp-json\/wp\/v2\/pages\/2105\/revisions\/2199"}],"wp:attachment":[{"href":"https:\/\/uep193sanroque.com.ar\/nuevodiseno\/wp-json\/wp\/v2\/media?parent=2105"}],"curies":[{"name":"wp","href":"https:\/\/api.w.org\/{rel}","templated":true}]}}