{"id":1912,"date":"2021-02-26T19:14:22","date_gmt":"2021-02-26T22:14:22","guid":{"rendered":"https:\/\/uep193sanroque.com.ar\/nuevodiseno\/?page_id=1912"},"modified":"2021-03-19T21:17:55","modified_gmt":"2021-03-20T00:17:55","slug":"tecnicatura-superior-en-administracion-de-recursos-humanos-plan-de-estudios","status":"publish","type":"page","link":"https:\/\/uep193sanroque.com.ar\/nuevodiseno\/tecnicatura-superior-en-administracion-de-recursos-humanos-plan-de-estudios\/","title":{"rendered":"TECNICATURA SUPERIOR EN ADMINISTRACION DE RECURSOS HUMANOS &#8211; PLAN DE ESTUDIOS"},"content":{"rendered":"\t\t<div data-elementor-type=\"wp-page\" data-elementor-id=\"1912\" class=\"elementor elementor-1912\">\n\t\t\t\t\t\t<div class=\"elementor-inner\">\n\t\t\t\t<div class=\"elementor-section-wrap\">\n\t\t\t\t\t\t\t\t\t<section class=\"elementor-section elementor-top-section elementor-element elementor-element-5f9e91e2 elementor-section-content-middle elementor-section-boxed elementor-section-height-default elementor-section-height-default\" data-id=\"5f9e91e2\" data-element_type=\"section\" data-settings=\"{&quot;background_background&quot;:&quot;classic&quot;}\">\n\t\t\t\t\t\t<div class=\"elementor-container elementor-column-gap-default\">\n\t\t\t\t\t\t\t<div class=\"elementor-row\">\n\t\t\t\t\t<div class=\"elementor-column elementor-col-33 elementor-top-column elementor-element elementor-element-35e6f35d\" data-id=\"35e6f35d\" data-element_type=\"column\">\n\t\t\t<div class=\"elementor-column-wrap elementor-element-populated\">\n\t\t\t\t\t\t\t<div class=\"elementor-widget-wrap\">\n\t\t\t\t\t\t<div class=\"elementor-element elementor-element-3b00731c elementor-widget elementor-widget-heading\" data-id=\"3b00731c\" data-element_type=\"widget\" data-widget_type=\"heading.default\">\n\t\t\t\t<div class=\"elementor-widget-container\">\n\t\t\t<h3 class=\"elementor-heading-title elementor-size-large\">Primer A\u00f1o<\/h3>\t\t<\/div>\n\t\t\t\t<\/div>\n\t\t\t\t<div class=\"elementor-element elementor-element-3400c4ed elementor-widget elementor-widget-text-editor\" data-id=\"3400c4ed\" data-element_type=\"widget\" data-widget_type=\"text-editor.default\">\n\t\t\t\t<div class=\"elementor-widget-container\">\n\t\t\t\t\t\t\t\t<div class=\"elementor-text-editor elementor-clearfix\">\n\t\t\t\t<ul><li>Competencias Ling\u00fc\u00edsticas<\/li><li>Din\u00e1mica de la comunicaci\u00f3n<\/li><li>Inform\u00e1tica<\/li><li>Psicolog\u00eda General<\/li><li>Administraci\u00f3n Empresarial<\/li><li>Introducci\u00f3n al Derecho<\/li><li>Econom\u00eda<\/li><li>Estad\u00edstica Social<\/li><li>Lengua Extranjera: Portugu\u00e9s I<\/li><li>Pr\u00e1ctica Profesionalizante I<\/li><\/ul>\t\t\t\t\t<\/div>\n\t\t\t\t\t\t<\/div>\n\t\t\t\t<\/div>\n\t\t\t\t\t\t<\/div>\n\t\t\t\t\t<\/div>\n\t\t<\/div>\n\t\t\t\t<div class=\"elementor-column elementor-col-33 elementor-top-column elementor-element elementor-element-5f97b0cb\" data-id=\"5f97b0cb\" data-element_type=\"column\">\n\t\t\t<div class=\"elementor-column-wrap elementor-element-populated\">\n\t\t\t\t\t\t\t<div class=\"elementor-widget-wrap\">\n\t\t\t\t\t\t<div class=\"elementor-element elementor-element-13a6093a elementor-widget elementor-widget-heading\" data-id=\"13a6093a\" data-element_type=\"widget\" data-widget_type=\"heading.default\">\n\t\t\t\t<div class=\"elementor-widget-container\">\n\t\t\t<h3 class=\"elementor-heading-title elementor-size-large\">Segundo A\u00f1o<\/h3>\t\t<\/div>\n\t\t\t\t<\/div>\n\t\t\t\t<div class=\"elementor-element elementor-element-80f03c1 elementor-widget elementor-widget-text-editor\" data-id=\"80f03c1\" data-element_type=\"widget\" data-widget_type=\"text-editor.default\">\n\t\t\t\t<div class=\"elementor-widget-container\">\n\t\t\t\t\t\t\t\t<div class=\"elementor-text-editor elementor-clearfix\">\n\t\t\t\t<ul>\n<li><span style=\"font-size: 13px;\">Administraci\u00f3n y Gesti\u00f3n de Recursos Humanos<\/span><\/li>\n<li>Contabilidad<\/li>\n<li>Derecho Laboral<\/li>\n<li>Teor\u00eda y Pr\u00e1ctica de la Investigaci\u00f3n Social<\/li>\n<li>T\u00e9cnicas de la Entrevista en Recursos Humanos<\/li>\n<li>Administraci\u00f3n Empresarial II<\/li>\n<li>Condiciones del Medio Ambiente y Trabajo<\/li>\n<li>Lengua Extranjera: Ingl\u00e9s I<\/li>\n<li>Pr\u00e1ctica Profesionalizante II<\/li><li>Psicolog\u00eda Laboral<\/li>\n<\/ul>\t\t\t\t\t<\/div>\n\t\t\t\t\t\t<\/div>\n\t\t\t\t<\/div>\n\t\t\t\t\t\t<\/div>\n\t\t\t\t\t<\/div>\n\t\t<\/div>\n\t\t\t\t<div class=\"elementor-column elementor-col-33 elementor-top-column elementor-element elementor-element-6685d3b9\" data-id=\"6685d3b9\" data-element_type=\"column\">\n\t\t\t<div class=\"elementor-column-wrap elementor-element-populated\">\n\t\t\t\t\t\t\t<div class=\"elementor-widget-wrap\">\n\t\t\t\t\t\t<div class=\"elementor-element elementor-element-20bc8931 elementor-widget elementor-widget-heading\" data-id=\"20bc8931\" data-element_type=\"widget\" data-widget_type=\"heading.default\">\n\t\t\t\t<div class=\"elementor-widget-container\">\n\t\t\t<h3 class=\"elementor-heading-title elementor-size-large\">Tercer A\u00f1o<\/h3>\t\t<\/div>\n\t\t\t\t<\/div>\n\t\t\t\t<div class=\"elementor-element elementor-element-d862a9e elementor-widget elementor-widget-text-editor\" data-id=\"d862a9e\" data-element_type=\"widget\" data-widget_type=\"text-editor.default\">\n\t\t\t\t<div class=\"elementor-widget-container\">\n\t\t\t\t\t\t\t\t<div class=\"elementor-text-editor elementor-clearfix\">\n\t\t\t\t<ul><li>T\u00e9cnicas de Negociaci\u00f3n<\/li><li>B\u00fasqueda y Selecci\u00f3n de Personal<\/li><li>Sociolog\u00eda<\/li><li>\u00c9tica y Deontolog\u00eda<\/li><li>Seminario: Administraci\u00f3n de Remuneraciones<\/li><li>Seminario: Capacitaci\u00f3n de Recursos Humanos<\/li><li>Seminario: Direcci\u00f3n Estrat\u00e9gica de Recursos Humanos<\/li><li>Lengua Extranjera: Ingl\u00e9s II<\/li><li>Pr\u00e1ctica Profesionalizante III<\/li><li>EDI: Trabajo Integrador Final<\/li><\/ul>\t\t\t\t\t<\/div>\n\t\t\t\t\t\t<\/div>\n\t\t\t\t<\/div>\n\t\t\t\t\t\t<\/div>\n\t\t\t\t\t<\/div>\n\t\t<\/div>\n\t\t\t\t\t\t\t\t<\/div>\n\t\t\t\t\t<\/div>\n\t\t<\/section>\n\t\t\t\t\t\t\t\t\t<\/div>\n\t\t\t<\/div>\n\t\t\t\t\t<\/div>\n\t\t","protected":false},"excerpt":{"rendered":"<p>Primer A\u00f1o Competencias Ling\u00fc\u00edsticas Din\u00e1mica de la comunicaci\u00f3n Inform\u00e1tica Psicolog\u00eda General Administraci\u00f3n Empresarial Introducci\u00f3n al Derecho Econom\u00eda Estad\u00edstica Social Lengua Extranjera: Portugu\u00e9s I Pr\u00e1ctica Profesionalizante I Segundo A\u00f1o Administraci\u00f3n y Gesti\u00f3n de Recursos Humanos Contabilidad Derecho Laboral Teor\u00eda y Pr\u00e1ctica de la Investigaci\u00f3n Social T\u00e9cnicas de la Entrevista en Recursos Humanos Administraci\u00f3n Empresarial II Condiciones [&hellip;]<\/p>\n","protected":false},"author":1,"featured_media":0,"parent":0,"menu_order":0,"comment_status":"closed","ping_status":"closed","template":"","meta":{"footnotes":""},"class_list":["post-1912","page","type-page","status-publish","hentry"],"yoast_head":"<!-- This site is optimized with the Yoast SEO plugin v24.9 - https:\/\/yoast.com\/wordpress\/plugins\/seo\/ -->\n<title>TECNICATURA SUPERIOR EN ADMINISTRACION DE RECURSOS HUMANOS - PLAN DE ESTUDIOS &#8211;<\/title>\n<meta name=\"robots\" content=\"index, follow, max-snippet:-1, max-image-preview:large, max-video-preview:-1\" \/>\n<link rel=\"canonical\" href=\"https:\/\/uep193sanroque.com.ar\/nuevodiseno\/tecnicatura-superior-en-administracion-de-recursos-humanos-plan-de-estudios\/\" \/>\n<meta property=\"og:locale\" content=\"es_ES\" \/>\n<meta property=\"og:type\" content=\"article\" \/>\n<meta property=\"og:title\" content=\"TECNICATURA SUPERIOR EN ADMINISTRACION DE RECURSOS HUMANOS - PLAN DE ESTUDIOS &#8211;\" \/>\n<meta property=\"og:description\" content=\"Primer A\u00f1o Competencias Ling\u00fc\u00edsticas Din\u00e1mica de la comunicaci\u00f3n Inform\u00e1tica Psicolog\u00eda General Administraci\u00f3n Empresarial Introducci\u00f3n al Derecho Econom\u00eda Estad\u00edstica Social Lengua Extranjera: Portugu\u00e9s I Pr\u00e1ctica Profesionalizante I Segundo A\u00f1o Administraci\u00f3n y Gesti\u00f3n de Recursos Humanos Contabilidad Derecho Laboral Teor\u00eda y Pr\u00e1ctica de la Investigaci\u00f3n Social T\u00e9cnicas de la Entrevista en Recursos Humanos Administraci\u00f3n Empresarial II Condiciones [&hellip;]\" \/>\n<meta property=\"og:url\" content=\"https:\/\/uep193sanroque.com.ar\/nuevodiseno\/tecnicatura-superior-en-administracion-de-recursos-humanos-plan-de-estudios\/\" \/>\n<meta property=\"article:publisher\" content=\"https:\/\/www.facebook.com\/ies193sanroque\/\" \/>\n<meta property=\"article:modified_time\" content=\"2021-03-20T00:17:55+00:00\" \/>\n<meta name=\"twitter:card\" content=\"summary_large_image\" \/>\n<meta name=\"twitter:label1\" content=\"Tiempo de lectura\" \/>\n\t<meta name=\"twitter:data1\" content=\"1 minuto\" \/>\n<script type=\"application\/ld+json\" class=\"yoast-schema-graph\">{\"@context\":\"https:\/\/schema.org\",\"@graph\":[{\"@type\":\"WebPage\",\"@id\":\"https:\/\/uep193sanroque.com.ar\/nuevodiseno\/tecnicatura-superior-en-administracion-de-recursos-humanos-plan-de-estudios\/\",\"url\":\"https:\/\/uep193sanroque.com.ar\/nuevodiseno\/tecnicatura-superior-en-administracion-de-recursos-humanos-plan-de-estudios\/\",\"name\":\"TECNICATURA SUPERIOR EN ADMINISTRACION DE RECURSOS HUMANOS - PLAN DE ESTUDIOS &#8211;\",\"isPartOf\":{\"@id\":\"https:\/\/uep193sanroque.com.ar\/nuevodiseno\/#website\"},\"datePublished\":\"2021-02-26T22:14:22+00:00\",\"dateModified\":\"2021-03-20T00:17:55+00:00\",\"breadcrumb\":{\"@id\":\"https:\/\/uep193sanroque.com.ar\/nuevodiseno\/tecnicatura-superior-en-administracion-de-recursos-humanos-plan-de-estudios\/#breadcrumb\"},\"inLanguage\":\"es\",\"potentialAction\":[{\"@type\":\"ReadAction\",\"target\":[\"https:\/\/uep193sanroque.com.ar\/nuevodiseno\/tecnicatura-superior-en-administracion-de-recursos-humanos-plan-de-estudios\/\"]}]},{\"@type\":\"BreadcrumbList\",\"@id\":\"https:\/\/uep193sanroque.com.ar\/nuevodiseno\/tecnicatura-superior-en-administracion-de-recursos-humanos-plan-de-estudios\/#breadcrumb\",\"itemListElement\":[{\"@type\":\"ListItem\",\"position\":1,\"name\":\"Portada\",\"item\":\"https:\/\/uep193sanroque.com.ar\/nuevodiseno\/\"},{\"@type\":\"ListItem\",\"position\":2,\"name\":\"TECNICATURA SUPERIOR EN ADMINISTRACION DE RECURSOS HUMANOS &#8211; PLAN DE ESTUDIOS\"}]},{\"@type\":\"WebSite\",\"@id\":\"https:\/\/uep193sanroque.com.ar\/nuevodiseno\/#website\",\"url\":\"https:\/\/uep193sanroque.com.ar\/nuevodiseno\/\",\"name\":\"UEGP 193 San Roque\",\"description\":\"UEGP 193 San Roque\",\"potentialAction\":[{\"@type\":\"SearchAction\",\"target\":{\"@type\":\"EntryPoint\",\"urlTemplate\":\"https:\/\/uep193sanroque.com.ar\/nuevodiseno\/?s={search_term_string}\"},\"query-input\":{\"@type\":\"PropertyValueSpecification\",\"valueRequired\":true,\"valueName\":\"search_term_string\"}}],\"inLanguage\":\"es\"}]}<\/script>\n<!-- \/ Yoast SEO plugin. -->","yoast_head_json":{"title":"TECNICATURA SUPERIOR EN ADMINISTRACION DE RECURSOS HUMANOS - PLAN DE ESTUDIOS &#8211;","robots":{"index":"index","follow":"follow","max-snippet":"max-snippet:-1","max-image-preview":"max-image-preview:large","max-video-preview":"max-video-preview:-1"},"canonical":"https:\/\/uep193sanroque.com.ar\/nuevodiseno\/tecnicatura-superior-en-administracion-de-recursos-humanos-plan-de-estudios\/","og_locale":"es_ES","og_type":"article","og_title":"TECNICATURA SUPERIOR EN ADMINISTRACION DE RECURSOS HUMANOS - PLAN DE ESTUDIOS &#8211;","og_description":"Primer A\u00f1o Competencias Ling\u00fc\u00edsticas Din\u00e1mica de la comunicaci\u00f3n Inform\u00e1tica Psicolog\u00eda General Administraci\u00f3n Empresarial Introducci\u00f3n al Derecho Econom\u00eda Estad\u00edstica Social Lengua Extranjera: Portugu\u00e9s I Pr\u00e1ctica Profesionalizante I Segundo A\u00f1o Administraci\u00f3n y Gesti\u00f3n de Recursos Humanos Contabilidad Derecho Laboral Teor\u00eda y Pr\u00e1ctica de la Investigaci\u00f3n Social T\u00e9cnicas de la Entrevista en Recursos Humanos Administraci\u00f3n Empresarial II Condiciones [&hellip;]","og_url":"https:\/\/uep193sanroque.com.ar\/nuevodiseno\/tecnicatura-superior-en-administracion-de-recursos-humanos-plan-de-estudios\/","article_publisher":"https:\/\/www.facebook.com\/ies193sanroque\/","article_modified_time":"2021-03-20T00:17:55+00:00","twitter_card":"summary_large_image","twitter_misc":{"Tiempo de lectura":"1 minuto"},"schema":{"@context":"https:\/\/schema.org","@graph":[{"@type":"WebPage","@id":"https:\/\/uep193sanroque.com.ar\/nuevodiseno\/tecnicatura-superior-en-administracion-de-recursos-humanos-plan-de-estudios\/","url":"https:\/\/uep193sanroque.com.ar\/nuevodiseno\/tecnicatura-superior-en-administracion-de-recursos-humanos-plan-de-estudios\/","name":"TECNICATURA SUPERIOR EN ADMINISTRACION DE RECURSOS HUMANOS - PLAN DE ESTUDIOS &#8211;","isPartOf":{"@id":"https:\/\/uep193sanroque.com.ar\/nuevodiseno\/#website"},"datePublished":"2021-02-26T22:14:22+00:00","dateModified":"2021-03-20T00:17:55+00:00","breadcrumb":{"@id":"https:\/\/uep193sanroque.com.ar\/nuevodiseno\/tecnicatura-superior-en-administracion-de-recursos-humanos-plan-de-estudios\/#breadcrumb"},"inLanguage":"es","potentialAction":[{"@type":"ReadAction","target":["https:\/\/uep193sanroque.com.ar\/nuevodiseno\/tecnicatura-superior-en-administracion-de-recursos-humanos-plan-de-estudios\/"]}]},{"@type":"BreadcrumbList","@id":"https:\/\/uep193sanroque.com.ar\/nuevodiseno\/tecnicatura-superior-en-administracion-de-recursos-humanos-plan-de-estudios\/#breadcrumb","itemListElement":[{"@type":"ListItem","position":1,"name":"Portada","item":"https:\/\/uep193sanroque.com.ar\/nuevodiseno\/"},{"@type":"ListItem","position":2,"name":"TECNICATURA SUPERIOR EN ADMINISTRACION DE RECURSOS HUMANOS &#8211; PLAN DE ESTUDIOS"}]},{"@type":"WebSite","@id":"https:\/\/uep193sanroque.com.ar\/nuevodiseno\/#website","url":"https:\/\/uep193sanroque.com.ar\/nuevodiseno\/","name":"UEGP 193 San Roque","description":"UEGP 193 San Roque","potentialAction":[{"@type":"SearchAction","target":{"@type":"EntryPoint","urlTemplate":"https:\/\/uep193sanroque.com.ar\/nuevodiseno\/?s={search_term_string}"},"query-input":{"@type":"PropertyValueSpecification","valueRequired":true,"valueName":"search_term_string"}}],"inLanguage":"es"}]}},"jetpack_sharing_enabled":true,"jetpack_shortlink":"https:\/\/wp.me\/P9SPC4-uQ","_links":{"self":[{"href":"https:\/\/uep193sanroque.com.ar\/nuevodiseno\/wp-json\/wp\/v2\/pages\/1912","targetHints":{"allow":["GET"]}}],"collection":[{"href":"https:\/\/uep193sanroque.com.ar\/nuevodiseno\/wp-json\/wp\/v2\/pages"}],"about":[{"href":"https:\/\/uep193sanroque.com.ar\/nuevodiseno\/wp-json\/wp\/v2\/types\/page"}],"author":[{"embeddable":true,"href":"https:\/\/uep193sanroque.com.ar\/nuevodiseno\/wp-json\/wp\/v2\/users\/1"}],"replies":[{"embeddable":true,"href":"https:\/\/uep193sanroque.com.ar\/nuevodiseno\/wp-json\/wp\/v2\/comments?post=1912"}],"version-history":[{"count":19,"href":"https:\/\/uep193sanroque.com.ar\/nuevodiseno\/wp-json\/wp\/v2\/pages\/1912\/revisions"}],"predecessor-version":[{"id":1961,"href":"https:\/\/uep193sanroque.com.ar\/nuevodiseno\/wp-json\/wp\/v2\/pages\/1912\/revisions\/1961"}],"wp:attachment":[{"href":"https:\/\/uep193sanroque.com.ar\/nuevodiseno\/wp-json\/wp\/v2\/media?parent=1912"}],"curies":[{"name":"wp","href":"https:\/\/api.w.org\/{rel}","templated":true}]}}