{"id":1879,"date":"2021-02-23T19:05:37","date_gmt":"2021-02-23T22:05:37","guid":{"rendered":"https:\/\/uep193sanroque.com.ar\/nuevodiseno\/?page_id=1879"},"modified":"2021-02-26T19:08:26","modified_gmt":"2021-02-26T22:08:26","slug":"tecnicatura-superior-en-cincias-sagradas-plan-de-estudios","status":"publish","type":"page","link":"https:\/\/uep193sanroque.com.ar\/nuevodiseno\/tecnicatura-superior-en-cincias-sagradas-plan-de-estudios\/","title":{"rendered":"TECNICATURA SUPERIOR EN CIENCIAS SAGRADAS &#8211; PLAN DE ESTUDIOS"},"content":{"rendered":"\t\t<div data-elementor-type=\"wp-page\" data-elementor-id=\"1879\" class=\"elementor elementor-1879\">\n\t\t\t\t\t\t<div class=\"elementor-inner\">\n\t\t\t\t<div class=\"elementor-section-wrap\">\n\t\t\t\t\t\t\t\t\t<section class=\"elementor-section elementor-top-section elementor-element elementor-element-775c987c elementor-section-content-middle elementor-section-boxed elementor-section-height-default elementor-section-height-default\" data-id=\"775c987c\" data-element_type=\"section\" data-settings=\"{&quot;background_background&quot;:&quot;classic&quot;}\">\n\t\t\t\t\t\t<div class=\"elementor-container elementor-column-gap-default\">\n\t\t\t\t\t\t\t<div class=\"elementor-row\">\n\t\t\t\t\t<div class=\"elementor-column elementor-col-33 elementor-top-column elementor-element elementor-element-77487a63\" data-id=\"77487a63\" data-element_type=\"column\">\n\t\t\t<div class=\"elementor-column-wrap elementor-element-populated\">\n\t\t\t\t\t\t\t<div class=\"elementor-widget-wrap\">\n\t\t\t\t\t\t<div class=\"elementor-element elementor-element-2f0ea9cb elementor-widget elementor-widget-heading\" data-id=\"2f0ea9cb\" data-element_type=\"widget\" data-widget_type=\"heading.default\">\n\t\t\t\t<div class=\"elementor-widget-container\">\n\t\t\t<h3 class=\"elementor-heading-title elementor-size-large\">Primer A\u00f1o<\/h3>\t\t<\/div>\n\t\t\t\t<\/div>\n\t\t\t\t<div class=\"elementor-element elementor-element-6e25f071 elementor-widget elementor-widget-text-editor\" data-id=\"6e25f071\" data-element_type=\"widget\" data-widget_type=\"text-editor.default\">\n\t\t\t\t<div class=\"elementor-widget-container\">\n\t\t\t\t\t\t\t\t<div class=\"elementor-text-editor elementor-clearfix\">\n\t\t\t\t<ul><li>Introducci\u00f3n al Antiguo Testamento I: Pentateuco<\/li><li>\u00a0Introducci\u00f3n al Nuevo Testamento I: Sin\u00f3pticos y Hechos<\/li><li>Eclesiolog\u00eda I<\/li><li>Introducci\u00f3n al Pensamiento Filos\u00f3fico<\/li><li>Teolog\u00eda Fundamental<\/li><li>Antropolog\u00eda Teol\u00f3gica<\/li><li>Psicolog\u00eda Evolutiva<\/li><li>Pr\u00e1ctica Profesionalizante I\u00a0<\/li><li>Ing\u00e9s<\/li><li>Inform\u00e1tica Aplicada<\/li><\/ul>\t\t\t\t\t<\/div>\n\t\t\t\t\t\t<\/div>\n\t\t\t\t<\/div>\n\t\t\t\t\t\t<\/div>\n\t\t\t\t\t<\/div>\n\t\t<\/div>\n\t\t\t\t<div class=\"elementor-column elementor-col-33 elementor-top-column elementor-element elementor-element-006f778\" data-id=\"006f778\" data-element_type=\"column\">\n\t\t\t<div class=\"elementor-column-wrap elementor-element-populated\">\n\t\t\t\t\t\t\t<div class=\"elementor-widget-wrap\">\n\t\t\t\t\t\t<div class=\"elementor-element elementor-element-dded1a6 elementor-widget elementor-widget-heading\" data-id=\"dded1a6\" data-element_type=\"widget\" data-widget_type=\"heading.default\">\n\t\t\t\t<div class=\"elementor-widget-container\">\n\t\t\t<h3 class=\"elementor-heading-title elementor-size-large\">Segundo A\u00f1o<\/h3>\t\t<\/div>\n\t\t\t\t<\/div>\n\t\t\t\t<div class=\"elementor-element elementor-element-b7ec9f0 elementor-widget elementor-widget-text-editor\" data-id=\"b7ec9f0\" data-element_type=\"widget\" data-widget_type=\"text-editor.default\">\n\t\t\t\t<div class=\"elementor-widget-container\">\n\t\t\t\t\t\t\t\t<div class=\"elementor-text-editor elementor-clearfix\">\n\t\t\t\t<ul><li>Introducci\u00f3n al Antiguo Testamento II: Libros Hist\u00f3ricos y Prof\u00e9ticos<\/li><li>Introducci\u00f3n al Nuevo Testamento II: Escritos Paulinos<\/li><li>Eclesiolog\u00eda II<\/li><li>Teolog\u00eda Moral Fundamental<\/li><li>Introducci\u00f3n a la Doctrina Social de la Iglesia<\/li><li>Cristolog\u00eda<\/li><li>Educaci\u00f3n Sexual Integral<\/li><li>Psicolog\u00eda del Aprendizaje<\/li><li>Pr\u00e1ctica Profesionalizante II<\/li><li>Metodolog\u00eda de la Investigaci\u00f3n<\/li><li>Introducci\u00f3n Teolog\u00eda Sacramental<\/li><\/ul>\t\t\t\t\t<\/div>\n\t\t\t\t\t\t<\/div>\n\t\t\t\t<\/div>\n\t\t\t\t\t\t<\/div>\n\t\t\t\t\t<\/div>\n\t\t<\/div>\n\t\t\t\t<div class=\"elementor-column elementor-col-33 elementor-top-column elementor-element elementor-element-0933ecc\" data-id=\"0933ecc\" data-element_type=\"column\">\n\t\t\t<div class=\"elementor-column-wrap elementor-element-populated\">\n\t\t\t\t\t\t\t<div class=\"elementor-widget-wrap\">\n\t\t\t\t\t\t<div class=\"elementor-element elementor-element-f610b6d elementor-widget elementor-widget-heading\" data-id=\"f610b6d\" data-element_type=\"widget\" data-widget_type=\"heading.default\">\n\t\t\t\t<div class=\"elementor-widget-container\">\n\t\t\t<h3 class=\"elementor-heading-title elementor-size-large\">Tercer A\u00f1o<\/h3>\t\t<\/div>\n\t\t\t\t<\/div>\n\t\t\t\t<div class=\"elementor-element elementor-element-90d481d elementor-widget elementor-widget-text-editor\" data-id=\"90d481d\" data-element_type=\"widget\" data-widget_type=\"text-editor.default\">\n\t\t\t\t<div class=\"elementor-widget-container\">\n\t\t\t\t\t\t\t\t<div class=\"elementor-text-editor elementor-clearfix\">\n\t\t\t\t<ul><li>Introducci\u00f3n al Antiguo Testamento III: Salmos y Sapienciales<\/li><li>Introducci\u00f3n al Nuevo Testamento III: Cartas Pastorales, Hebreos y Escritos Jo\u00e1nicos<\/li><li>Eclesiolog\u00eda III<\/li><li>Psicolog\u00eda Religiosa<\/li><li>Misterio De Dios y Trinidad<\/li><li>Ecumenismo y Di\u00e1logo Interreligioso<\/li><li>Relaciones Humanas, Comunicaci\u00f3n y Grupo<\/li><li>Fundamento de Catequesis<\/li><li>\u00c9tica y Deontolog\u00eda Profesional<\/li><li>Pr\u00e1ctica Profesionalizante III<\/li><\/ul>\t\t\t\t\t<\/div>\n\t\t\t\t\t\t<\/div>\n\t\t\t\t<\/div>\n\t\t\t\t\t\t<\/div>\n\t\t\t\t\t<\/div>\n\t\t<\/div>\n\t\t\t\t\t\t\t\t<\/div>\n\t\t\t\t\t<\/div>\n\t\t<\/section>\n\t\t\t\t\t\t\t\t\t<\/div>\n\t\t\t<\/div>\n\t\t\t\t\t<\/div>\n\t\t","protected":false},"excerpt":{"rendered":"<p>Primer A\u00f1o Introducci\u00f3n al Antiguo Testamento I: Pentateuco &nbsp;Introducci\u00f3n al Nuevo Testamento I: Sin\u00f3pticos y Hechos Eclesiolog\u00eda I Introducci\u00f3n al Pensamiento Filos\u00f3fico Teolog\u00eda Fundamental Antropolog\u00eda Teol\u00f3gica Psicolog\u00eda Evolutiva Pr\u00e1ctica Profesionalizante I&nbsp; Ing\u00e9s Inform\u00e1tica Aplicada Segundo A\u00f1o Introducci\u00f3n al Antiguo Testamento II: Libros Hist\u00f3ricos y Prof\u00e9ticos Introducci\u00f3n al Nuevo Testamento II: Escritos Paulinos Eclesiolog\u00eda II Teolog\u00eda [&hellip;]<\/p>\n","protected":false},"author":1,"featured_media":0,"parent":0,"menu_order":0,"comment_status":"closed","ping_status":"closed","template":"","meta":{"footnotes":""},"class_list":["post-1879","page","type-page","status-publish","hentry"],"yoast_head":"<!-- This site is optimized with the Yoast SEO plugin v24.9 - https:\/\/yoast.com\/wordpress\/plugins\/seo\/ -->\n<title>TECNICATURA SUPERIOR EN CIENCIAS SAGRADAS - PLAN DE ESTUDIOS &#8211;<\/title>\n<meta name=\"robots\" content=\"index, follow, max-snippet:-1, max-image-preview:large, max-video-preview:-1\" \/>\n<link rel=\"canonical\" href=\"https:\/\/uep193sanroque.com.ar\/nuevodiseno\/tecnicatura-superior-en-cincias-sagradas-plan-de-estudios\/\" \/>\n<meta property=\"og:locale\" content=\"es_ES\" \/>\n<meta property=\"og:type\" content=\"article\" \/>\n<meta property=\"og:title\" content=\"TECNICATURA SUPERIOR EN CIENCIAS SAGRADAS - PLAN DE ESTUDIOS &#8211;\" \/>\n<meta property=\"og:description\" content=\"Primer A\u00f1o Introducci\u00f3n al Antiguo Testamento I: Pentateuco &nbsp;Introducci\u00f3n al Nuevo Testamento I: Sin\u00f3pticos y Hechos Eclesiolog\u00eda I Introducci\u00f3n al Pensamiento Filos\u00f3fico Teolog\u00eda Fundamental Antropolog\u00eda Teol\u00f3gica Psicolog\u00eda Evolutiva Pr\u00e1ctica Profesionalizante I&nbsp; Ing\u00e9s Inform\u00e1tica Aplicada Segundo A\u00f1o Introducci\u00f3n al Antiguo Testamento II: Libros Hist\u00f3ricos y Prof\u00e9ticos Introducci\u00f3n al Nuevo Testamento II: Escritos Paulinos Eclesiolog\u00eda II Teolog\u00eda [&hellip;]\" \/>\n<meta property=\"og:url\" content=\"https:\/\/uep193sanroque.com.ar\/nuevodiseno\/tecnicatura-superior-en-cincias-sagradas-plan-de-estudios\/\" \/>\n<meta property=\"article:publisher\" content=\"https:\/\/www.facebook.com\/ies193sanroque\/\" \/>\n<meta property=\"article:modified_time\" content=\"2021-02-26T22:08:26+00:00\" \/>\n<meta name=\"twitter:card\" content=\"summary_large_image\" \/>\n<meta name=\"twitter:label1\" content=\"Tiempo de lectura\" \/>\n\t<meta name=\"twitter:data1\" content=\"1 minuto\" \/>\n<script type=\"application\/ld+json\" class=\"yoast-schema-graph\">{\"@context\":\"https:\/\/schema.org\",\"@graph\":[{\"@type\":\"WebPage\",\"@id\":\"https:\/\/uep193sanroque.com.ar\/nuevodiseno\/tecnicatura-superior-en-cincias-sagradas-plan-de-estudios\/\",\"url\":\"https:\/\/uep193sanroque.com.ar\/nuevodiseno\/tecnicatura-superior-en-cincias-sagradas-plan-de-estudios\/\",\"name\":\"TECNICATURA SUPERIOR EN CIENCIAS SAGRADAS - PLAN DE ESTUDIOS &#8211;\",\"isPartOf\":{\"@id\":\"https:\/\/uep193sanroque.com.ar\/nuevodiseno\/#website\"},\"datePublished\":\"2021-02-23T22:05:37+00:00\",\"dateModified\":\"2021-02-26T22:08:26+00:00\",\"breadcrumb\":{\"@id\":\"https:\/\/uep193sanroque.com.ar\/nuevodiseno\/tecnicatura-superior-en-cincias-sagradas-plan-de-estudios\/#breadcrumb\"},\"inLanguage\":\"es\",\"potentialAction\":[{\"@type\":\"ReadAction\",\"target\":[\"https:\/\/uep193sanroque.com.ar\/nuevodiseno\/tecnicatura-superior-en-cincias-sagradas-plan-de-estudios\/\"]}]},{\"@type\":\"BreadcrumbList\",\"@id\":\"https:\/\/uep193sanroque.com.ar\/nuevodiseno\/tecnicatura-superior-en-cincias-sagradas-plan-de-estudios\/#breadcrumb\",\"itemListElement\":[{\"@type\":\"ListItem\",\"position\":1,\"name\":\"Portada\",\"item\":\"https:\/\/uep193sanroque.com.ar\/nuevodiseno\/\"},{\"@type\":\"ListItem\",\"position\":2,\"name\":\"TECNICATURA SUPERIOR EN CIENCIAS SAGRADAS &#8211; PLAN DE ESTUDIOS\"}]},{\"@type\":\"WebSite\",\"@id\":\"https:\/\/uep193sanroque.com.ar\/nuevodiseno\/#website\",\"url\":\"https:\/\/uep193sanroque.com.ar\/nuevodiseno\/\",\"name\":\"UEGP 193 San Roque\",\"description\":\"UEGP 193 San Roque\",\"potentialAction\":[{\"@type\":\"SearchAction\",\"target\":{\"@type\":\"EntryPoint\",\"urlTemplate\":\"https:\/\/uep193sanroque.com.ar\/nuevodiseno\/?s={search_term_string}\"},\"query-input\":{\"@type\":\"PropertyValueSpecification\",\"valueRequired\":true,\"valueName\":\"search_term_string\"}}],\"inLanguage\":\"es\"}]}<\/script>\n<!-- \/ Yoast SEO plugin. -->","yoast_head_json":{"title":"TECNICATURA SUPERIOR EN CIENCIAS SAGRADAS - PLAN DE ESTUDIOS &#8211;","robots":{"index":"index","follow":"follow","max-snippet":"max-snippet:-1","max-image-preview":"max-image-preview:large","max-video-preview":"max-video-preview:-1"},"canonical":"https:\/\/uep193sanroque.com.ar\/nuevodiseno\/tecnicatura-superior-en-cincias-sagradas-plan-de-estudios\/","og_locale":"es_ES","og_type":"article","og_title":"TECNICATURA SUPERIOR EN CIENCIAS SAGRADAS - PLAN DE ESTUDIOS &#8211;","og_description":"Primer A\u00f1o Introducci\u00f3n al Antiguo Testamento I: Pentateuco &nbsp;Introducci\u00f3n al Nuevo Testamento I: Sin\u00f3pticos y Hechos Eclesiolog\u00eda I Introducci\u00f3n al Pensamiento Filos\u00f3fico Teolog\u00eda Fundamental Antropolog\u00eda Teol\u00f3gica Psicolog\u00eda Evolutiva Pr\u00e1ctica Profesionalizante I&nbsp; Ing\u00e9s Inform\u00e1tica Aplicada Segundo A\u00f1o Introducci\u00f3n al Antiguo Testamento II: Libros Hist\u00f3ricos y Prof\u00e9ticos Introducci\u00f3n al Nuevo Testamento II: Escritos Paulinos Eclesiolog\u00eda II Teolog\u00eda [&hellip;]","og_url":"https:\/\/uep193sanroque.com.ar\/nuevodiseno\/tecnicatura-superior-en-cincias-sagradas-plan-de-estudios\/","article_publisher":"https:\/\/www.facebook.com\/ies193sanroque\/","article_modified_time":"2021-02-26T22:08:26+00:00","twitter_card":"summary_large_image","twitter_misc":{"Tiempo de lectura":"1 minuto"},"schema":{"@context":"https:\/\/schema.org","@graph":[{"@type":"WebPage","@id":"https:\/\/uep193sanroque.com.ar\/nuevodiseno\/tecnicatura-superior-en-cincias-sagradas-plan-de-estudios\/","url":"https:\/\/uep193sanroque.com.ar\/nuevodiseno\/tecnicatura-superior-en-cincias-sagradas-plan-de-estudios\/","name":"TECNICATURA SUPERIOR EN CIENCIAS SAGRADAS - PLAN DE ESTUDIOS &#8211;","isPartOf":{"@id":"https:\/\/uep193sanroque.com.ar\/nuevodiseno\/#website"},"datePublished":"2021-02-23T22:05:37+00:00","dateModified":"2021-02-26T22:08:26+00:00","breadcrumb":{"@id":"https:\/\/uep193sanroque.com.ar\/nuevodiseno\/tecnicatura-superior-en-cincias-sagradas-plan-de-estudios\/#breadcrumb"},"inLanguage":"es","potentialAction":[{"@type":"ReadAction","target":["https:\/\/uep193sanroque.com.ar\/nuevodiseno\/tecnicatura-superior-en-cincias-sagradas-plan-de-estudios\/"]}]},{"@type":"BreadcrumbList","@id":"https:\/\/uep193sanroque.com.ar\/nuevodiseno\/tecnicatura-superior-en-cincias-sagradas-plan-de-estudios\/#breadcrumb","itemListElement":[{"@type":"ListItem","position":1,"name":"Portada","item":"https:\/\/uep193sanroque.com.ar\/nuevodiseno\/"},{"@type":"ListItem","position":2,"name":"TECNICATURA SUPERIOR EN CIENCIAS SAGRADAS &#8211; PLAN DE ESTUDIOS"}]},{"@type":"WebSite","@id":"https:\/\/uep193sanroque.com.ar\/nuevodiseno\/#website","url":"https:\/\/uep193sanroque.com.ar\/nuevodiseno\/","name":"UEGP 193 San Roque","description":"UEGP 193 San Roque","potentialAction":[{"@type":"SearchAction","target":{"@type":"EntryPoint","urlTemplate":"https:\/\/uep193sanroque.com.ar\/nuevodiseno\/?s={search_term_string}"},"query-input":{"@type":"PropertyValueSpecification","valueRequired":true,"valueName":"search_term_string"}}],"inLanguage":"es"}]}},"jetpack_sharing_enabled":true,"jetpack_shortlink":"https:\/\/wp.me\/P9SPC4-uj","_links":{"self":[{"href":"https:\/\/uep193sanroque.com.ar\/nuevodiseno\/wp-json\/wp\/v2\/pages\/1879","targetHints":{"allow":["GET"]}}],"collection":[{"href":"https:\/\/uep193sanroque.com.ar\/nuevodiseno\/wp-json\/wp\/v2\/pages"}],"about":[{"href":"https:\/\/uep193sanroque.com.ar\/nuevodiseno\/wp-json\/wp\/v2\/types\/page"}],"author":[{"embeddable":true,"href":"https:\/\/uep193sanroque.com.ar\/nuevodiseno\/wp-json\/wp\/v2\/users\/1"}],"replies":[{"embeddable":true,"href":"https:\/\/uep193sanroque.com.ar\/nuevodiseno\/wp-json\/wp\/v2\/comments?post=1879"}],"version-history":[{"count":22,"href":"https:\/\/uep193sanroque.com.ar\/nuevodiseno\/wp-json\/wp\/v2\/pages\/1879\/revisions"}],"predecessor-version":[{"id":1911,"href":"https:\/\/uep193sanroque.com.ar\/nuevodiseno\/wp-json\/wp\/v2\/pages\/1879\/revisions\/1911"}],"wp:attachment":[{"href":"https:\/\/uep193sanroque.com.ar\/nuevodiseno\/wp-json\/wp\/v2\/media?parent=1879"}],"curies":[{"name":"wp","href":"https:\/\/api.w.org\/{rel}","templated":true}]}}